{"id":123,"date":"2021-03-09T10:27:49","date_gmt":"2021-03-09T09:27:49","guid":{"rendered":"http:\/\/virtualtour.fondazionecnao.it\/?page_id=123"},"modified":"2021-04-30T16:40:13","modified_gmt":"2021-04-30T14:40:13","slug":"il-percorso-del-paziente-e","status":"publish","type":"page","link":"https:\/\/virtualtour.fondazionecnao.it\/en\/il-percorso-del-paziente-e\/","title":{"rendered":"Il Percorso del Paziente"},"content":{"rendered":"<div id=\"modal-ready\">\t\t<div data-elementor-type=\"wp-page\" data-elementor-id=\"123\" class=\"elementor elementor-123\" data-elementor-settings=\"[]\">\n\t\t\t\t\t\t\t<div class=\"elementor-section-wrap\">\n\t\t\t\t\t\t\t<section class=\"elementor-section elementor-top-section elementor-element elementor-element-6266dbb elementor-section-full_width stax-condition-yes stax-user_role_enabled-yes elementor-section-height-default elementor-section-height-default\" data-id=\"6266dbb\" data-element_type=\"section\" data-settings=\"{&quot;background_background&quot;:&quot;gradient&quot;}\">\n\t\t\t\t\t\t<div class=\"elementor-container elementor-column-gap-no\">\n\t\t\t\t\t<div class=\"elementor-column elementor-col-100 elementor-top-column elementor-element elementor-element-9460a79\" data-id=\"9460a79\" data-element_type=\"column\">\n\t\t\t<div class=\"elementor-widget-wrap elementor-element-populated\">\n\t\t\t\t\t\t\t\t<div class=\"elementor-element elementor-element-93e514c elementor-widget elementor-widget-wp-widget-media_audio\" data-id=\"93e514c\" data-element_type=\"widget\" data-widget_type=\"wp-widget-media_audio.default\">\n\t\t\t\t<div class=\"elementor-widget-container\">\n\t\t\t<h5>Ascolta il percorso del Paziente<\/h5><audio class=\"wp-audio-shortcode\" id=\"audio-123-1\" preload=\"none\" style=\"width: 100%;\" controls=\"controls\"><source type=\"audio\/mpeg\" src=\"https:\/\/virtualtour.fondazionecnao.it\/wp-content\/uploads\/2021\/03\/15-Il-percorso-del-paziente-.mp3?_=1\" \/><source type=\"audio\/mpeg\" src=\"http:\/\/virtualtour.fondazionecnao.it\/wp-content\/uploads\/2021\/03\/15-Il-percorso-del-paziente-.mp3?_=1\" \/><a href=\"https:\/\/virtualtour.fondazionecnao.it\/wp-content\/uploads\/2021\/03\/15-Il-percorso-del-paziente-.mp3\">https:\/\/virtualtour.fondazionecnao.it\/wp-content\/uploads\/2021\/03\/15-Il-percorso-del-paziente-.mp3<\/a><\/audio>\t\t<\/div>\n\t\t\t\t<\/div>\n\t\t\t\t<div class=\"elementor-element elementor-element-b950b19 elementor-widget elementor-widget-image\" data-id=\"b950b19\" data-element_type=\"widget\" data-widget_type=\"image.default\">\n\t\t\t\t<div class=\"elementor-widget-container\">\n\t\t\t\t\t\t\t\t\t\t\t\t\t\t\t<img loading=\"lazy\" decoding=\"async\" width=\"1024\" height=\"512\" src=\"https:\/\/virtualtour.fondazionecnao.it\/wp-content\/uploads\/2021\/04\/Foto-audio-Percorso-del-paziente-1024x512.jpg\" class=\"attachment-large size-large\" alt=\"\" srcset=\"https:\/\/virtualtour.fondazionecnao.it\/wp-content\/uploads\/2021\/04\/Foto-audio-Percorso-del-paziente-1024x512.jpg 1024w, https:\/\/virtualtour.fondazionecnao.it\/wp-content\/uploads\/2021\/04\/Foto-audio-Percorso-del-paziente-300x150.jpg 300w, https:\/\/virtualtour.fondazionecnao.it\/wp-content\/uploads\/2021\/04\/Foto-audio-Percorso-del-paziente-768x384.jpg 768w, https:\/\/virtualtour.fondazionecnao.it\/wp-content\/uploads\/2021\/04\/Foto-audio-Percorso-del-paziente-1536x768.jpg 1536w, https:\/\/virtualtour.fondazionecnao.it\/wp-content\/uploads\/2021\/04\/Foto-audio-Percorso-del-paziente-2048x1024.jpg 2048w, https:\/\/virtualtour.fondazionecnao.it\/wp-content\/uploads\/2021\/04\/Foto-audio-Percorso-del-paziente-16x8.jpg 16w, https:\/\/virtualtour.fondazionecnao.it\/wp-content\/uploads\/2021\/04\/Foto-audio-Percorso-del-paziente-1920x960.jpg 1920w\" sizes=\"auto, (max-width: 1024px) 100vw, 1024px\" \/>\t\t\t\t\t\t\t\t\t\t\t\t\t\t\t<\/div>\n\t\t\t\t<\/div>\n\t\t\t\t\t<\/div>\n\t\t<\/div>\n\t\t\t\t\t\t\t<\/div>\n\t\t<\/section>\n\t\t\t\t\t\t<\/div>\n\t\t\t\t\t<\/div>\n\t\t<\/div>","protected":false},"excerpt":{"rendered":"<p>ITER DEL PAZIENTE VERSIONE SPECIALISTI Cnao \u00e8 il centro di riferimento per l\u2019Adroterapia in Italia ed \u00e8 il terzo in Europa, Questa \u00e8 una tecnica di irraggiamento che pu\u00f2 essere applicata \u00a0a quasi tutte le patologie tumorali di tipo solido; inoltre, per dare la possibilit\u00e0 di cura a pazienti che non avrebbero uguale beneficio dalle&hellip; <br \/> <a class=\"read-more\" href=\"https:\/\/virtualtour.fondazionecnao.it\/en\/il-percorso-del-paziente-e\/\">Read more<\/a><\/p>","protected":false},"author":1,"featured_media":0,"parent":0,"menu_order":0,"comment_status":"closed","ping_status":"closed","template":"elementor_canvas","meta":{"footnotes":""},"class_list":["post-123","page","type-page","status-publish","hentry"],"_links":{"self":[{"href":"https:\/\/virtualtour.fondazionecnao.it\/en\/wp-json\/wp\/v2\/pages\/123","targetHints":{"allow":["GET"]}}],"collection":[{"href":"https:\/\/virtualtour.fondazionecnao.it\/en\/wp-json\/wp\/v2\/pages"}],"about":[{"href":"https:\/\/virtualtour.fondazionecnao.it\/en\/wp-json\/wp\/v2\/types\/page"}],"author":[{"embeddable":true,"href":"https:\/\/virtualtour.fondazionecnao.it\/en\/wp-json\/wp\/v2\/users\/1"}],"replies":[{"embeddable":true,"href":"https:\/\/virtualtour.fondazionecnao.it\/en\/wp-json\/wp\/v2\/comments?post=123"}],"version-history":[{"count":474,"href":"https:\/\/virtualtour.fondazionecnao.it\/en\/wp-json\/wp\/v2\/pages\/123\/revisions"}],"predecessor-version":[{"id":3461,"href":"https:\/\/virtualtour.fondazionecnao.it\/en\/wp-json\/wp\/v2\/pages\/123\/revisions\/3461"}],"wp:attachment":[{"href":"https:\/\/virtualtour.fondazionecnao.it\/en\/wp-json\/wp\/v2\/media?parent=123"}],"curies":[{"name":"wp","href":"https:\/\/api.w.org\/{rel}","templated":true}]}}